{"id":568,"date":"2019-04-17T09:08:44","date_gmt":"2019-04-17T09:08:44","guid":{"rendered":"http:\/\/www.bosquemaxico.com\/?page_id=568"},"modified":"2019-04-17T09:59:02","modified_gmt":"2019-04-17T09:59:02","slug":"quienes-somos","status":"publish","type":"page","link":"https:\/\/www.bosquemaxico.com\/index.php\/quienes-somos\/","title":{"rendered":"\u00bfQUIENES SOMOS?"},"content":{"rendered":"\t\t<div data-elementor-type=\"wp-post\" data-elementor-id=\"568\" class=\"elementor elementor-568\">\n\t\t\t\t\t\t<section class=\"elementor-section elementor-top-section elementor-element elementor-element-40b0201 elementor-section-boxed elementor-section-height-default elementor-section-height-default\" data-id=\"40b0201\" data-element_type=\"section\">\n\t\t\t\t\t\t<div class=\"elementor-container elementor-column-gap-default\">\n\t\t\t\t\t<div class=\"elementor-column elementor-col-100 elementor-top-column elementor-element elementor-element-ffa8c87\" data-id=\"ffa8c87\" data-element_type=\"column\">\n\t\t\t<div class=\"elementor-widget-wrap elementor-element-populated\">\n\t\t\t\t\t\t<div class=\"elementor-element elementor-element-b3f4e9c elementor-widget elementor-widget-text-editor\" data-id=\"b3f4e9c\" data-element_type=\"widget\" data-widget_type=\"text-editor.default\">\n\t\t\t\t<div class=\"elementor-widget-container\">\n\t\t\t\t\t\t\t\t\t<p>Somos un parque multiaventuras situado en el coraz\u00f3n del bosque de Souteli\u00f1o (Laza) donde los \u00e1rboles y la tierra son nuestro hogar.\u00a0<\/p><p>Nuestro parque cuenta con una amplia oferta de actividades l\u00fadico-deportivas que despertar\u00e1n en ti la capacidad de esfuerzo para superar los distintos retos que te propongamos, demostr\u00e1ndote de lo que eres capad.\u00a0<\/p><p>Bosque M\u00e1xico est\u00e1 especialmente pensado y dise\u00f1ado para que, independientemente de tu edad o de tu preparaci\u00f3n f\u00edsica, puedas disfrutar de \u00e9l. Apostamos por un espacio sumergido en el bosque, donde divertirse, relajarse y disfrutar del contacto directo con la naturaleza van de la mano.<\/p><p>Adem\u00e1s, si algo nos caracteriza, es el objetivo principal que se esconde detr\u00e1s de cada una de las actividades que te ofrecemos, pues es un espacio que une, que crea equipo. Y es que Bosque M\u00e1xico significa compa\u00f1erismo, ya que \u00abde una semilla, nace un bosque\u00bb, y es lo que buscamos, que no importe llegar al final, si no que lo que m\u00e1s importe sea la experiencia, el camino, la ayuda, lo que nos importa fundamentalmente es que compart\u00e1is con nosotros una experiencia \u00fanica e inolvidable.\u00a0<\/p><p style=\"text-align: center;\">\u00a1Ven, y mimet\u00edzate con nuestro Bosque M\u00e1xico!<\/p>\t\t\t\t\t\t\t\t<\/div>\n\t\t\t\t<\/div>\n\t\t\t\t\t<\/div>\n\t\t<\/div>\n\t\t\t\t\t<\/div>\n\t\t<\/section>\n\t\t\t\t<section class=\"elementor-section elementor-top-section elementor-element elementor-element-3adfbe8 elementor-section-boxed elementor-section-height-default elementor-section-height-default\" data-id=\"3adfbe8\" data-element_type=\"section\">\n\t\t\t\t\t\t<div class=\"elementor-container elementor-column-gap-default\">\n\t\t\t\t\t<div class=\"elementor-column elementor-col-100 elementor-top-column elementor-element elementor-element-444ad1d\" data-id=\"444ad1d\" data-element_type=\"column\">\n\t\t\t<div class=\"elementor-widget-wrap\">\n\t\t\t\t\t\t\t<\/div>\n\t\t<\/div>\n\t\t\t\t\t<\/div>\n\t\t<\/section>\n\t\t\t\t<section class=\"elementor-section elementor-top-section elementor-element elementor-element-d24ee86 elementor-section-boxed elementor-section-height-default elementor-section-height-default\" data-id=\"d24ee86\" data-element_type=\"section\">\n\t\t\t\t\t\t<div class=\"elementor-container elementor-column-gap-default\">\n\t\t\t\t\t<div class=\"elementor-column elementor-col-16 elementor-top-column elementor-element elementor-element-dbb7e4c\" data-id=\"dbb7e4c\" data-element_type=\"column\">\n\t\t\t<div class=\"elementor-widget-wrap elementor-element-populated\">\n\t\t\t\t\t\t<div class=\"elementor-element elementor-element-2063b41 elementor-view-default elementor-widget elementor-widget-icon\" data-id=\"2063b41\" data-element_type=\"widget\" data-widget_type=\"icon.default\">\n\t\t\t\t<div class=\"elementor-widget-container\">\n\t\t\t\t\t\t\t<div class=\"elementor-icon-wrapper\">\n\t\t\t<div class=\"elementor-icon\">\n\t\t\t\t\t\t\t<i class=\"fa fa-tree\" aria-hidden=\"true\"><\/i>\n\t\t\t\t\t\t<\/div>\n\t\t<\/div>\n\t\t\t\t\t\t<\/div>\n\t\t\t\t<\/div>\n\t\t\t\t<div class=\"elementor-element elementor-element-958f387 elementor-widget elementor-widget-text-editor\" data-id=\"958f387\" data-element_type=\"widget\" data-widget_type=\"text-editor.default\">\n\t\t\t\t<div class=\"elementor-widget-container\">\n\t\t\t\t\t\t\t\t\t<p>EN PLENA NATURALEZA<\/p>\t\t\t\t\t\t\t\t<\/div>\n\t\t\t\t<\/div>\n\t\t\t\t\t<\/div>\n\t\t<\/div>\n\t\t\t\t<div class=\"elementor-column elementor-col-16 elementor-top-column elementor-element elementor-element-eb5ae77\" data-id=\"eb5ae77\" data-element_type=\"column\">\n\t\t\t<div class=\"elementor-widget-wrap elementor-element-populated\">\n\t\t\t\t\t\t<div class=\"elementor-element elementor-element-95cdf08 elementor-view-default elementor-widget elementor-widget-icon\" data-id=\"95cdf08\" data-element_type=\"widget\" data-widget_type=\"icon.default\">\n\t\t\t\t<div class=\"elementor-widget-container\">\n\t\t\t\t\t\t\t<div class=\"elementor-icon-wrapper\">\n\t\t\t<div class=\"elementor-icon\">\n\t\t\t\t\t\t\t<i class=\"fa fa-child\" aria-hidden=\"true\"><\/i>\n\t\t\t\t\t\t<\/div>\n\t\t<\/div>\n\t\t\t\t\t\t<\/div>\n\t\t\t\t<\/div>\n\t\t\t\t<div class=\"elementor-element elementor-element-362fe75 elementor-widget elementor-widget-text-editor\" data-id=\"362fe75\" data-element_type=\"widget\" data-widget_type=\"text-editor.default\">\n\t\t\t\t<div class=\"elementor-widget-container\">\n\t\t\t\t\t\t\t\t\t<p>APTO PARA TODAS LAS EDADES<\/p>\t\t\t\t\t\t\t\t<\/div>\n\t\t\t\t<\/div>\n\t\t\t\t\t<\/div>\n\t\t<\/div>\n\t\t\t\t<div class=\"elementor-column elementor-col-16 elementor-top-column elementor-element elementor-element-6dc3b65\" data-id=\"6dc3b65\" data-element_type=\"column\">\n\t\t\t<div class=\"elementor-widget-wrap elementor-element-populated\">\n\t\t\t\t\t\t<div class=\"elementor-element elementor-element-baa9a11 elementor-view-default elementor-widget elementor-widget-icon\" data-id=\"baa9a11\" data-element_type=\"widget\" data-widget_type=\"icon.default\">\n\t\t\t\t<div class=\"elementor-widget-container\">\n\t\t\t\t\t\t\t<div class=\"elementor-icon-wrapper\">\n\t\t\t<div class=\"elementor-icon\">\n\t\t\t\t\t\t\t<i class=\"fa fa-users\" aria-hidden=\"true\"><\/i>\n\t\t\t\t\t\t<\/div>\n\t\t<\/div>\n\t\t\t\t\t\t<\/div>\n\t\t\t\t<\/div>\n\t\t\t\t<div class=\"elementor-element elementor-element-5e611d8 elementor-widget elementor-widget-text-editor\" data-id=\"5e611d8\" data-element_type=\"widget\" data-widget_type=\"text-editor.default\">\n\t\t\t\t<div class=\"elementor-widget-container\">\n\t\t\t\t\t\t\t\t\t<p>DESCUENTO PARA GRUPOS<\/p>\t\t\t\t\t\t\t\t<\/div>\n\t\t\t\t<\/div>\n\t\t\t\t\t<\/div>\n\t\t<\/div>\n\t\t\t\t<div class=\"elementor-column elementor-col-16 elementor-top-column elementor-element elementor-element-05d34bf\" data-id=\"05d34bf\" data-element_type=\"column\">\n\t\t\t<div class=\"elementor-widget-wrap elementor-element-populated\">\n\t\t\t\t\t\t<div class=\"elementor-element elementor-element-275238f elementor-view-default elementor-widget elementor-widget-icon\" data-id=\"275238f\" data-element_type=\"widget\" data-widget_type=\"icon.default\">\n\t\t\t\t<div class=\"elementor-widget-container\">\n\t\t\t\t\t\t\t<div class=\"elementor-icon-wrapper\">\n\t\t\t<div class=\"elementor-icon\">\n\t\t\t\t\t\t\t<i class=\"fa fa-home\" aria-hidden=\"true\"><\/i>\n\t\t\t\t\t\t<\/div>\n\t\t<\/div>\n\t\t\t\t\t\t<\/div>\n\t\t\t\t<\/div>\n\t\t\t\t<div class=\"elementor-element elementor-element-4194f64 elementor-widget elementor-widget-text-editor\" data-id=\"4194f64\" data-element_type=\"widget\" data-widget_type=\"text-editor.default\">\n\t\t\t\t<div class=\"elementor-widget-container\">\n\t\t\t\t\t\t\t\t\t<p>CAFETER\u00cdA<\/p>\t\t\t\t\t\t\t\t<\/div>\n\t\t\t\t<\/div>\n\t\t\t\t\t<\/div>\n\t\t<\/div>\n\t\t\t\t<div class=\"elementor-column elementor-col-16 elementor-top-column elementor-element elementor-element-b41e6af\" data-id=\"b41e6af\" data-element_type=\"column\">\n\t\t\t<div class=\"elementor-widget-wrap elementor-element-populated\">\n\t\t\t\t\t\t<div class=\"elementor-element elementor-element-8ccfca9 elementor-view-default elementor-widget elementor-widget-icon\" data-id=\"8ccfca9\" data-element_type=\"widget\" data-widget_type=\"icon.default\">\n\t\t\t\t<div class=\"elementor-widget-container\">\n\t\t\t\t\t\t\t<div class=\"elementor-icon-wrapper\">\n\t\t\t<div class=\"elementor-icon\">\n\t\t\t\t\t\t\t<i class=\"fa fa-car\" aria-hidden=\"true\"><\/i>\n\t\t\t\t\t\t<\/div>\n\t\t<\/div>\n\t\t\t\t\t\t<\/div>\n\t\t\t\t<\/div>\n\t\t\t\t<div class=\"elementor-element elementor-element-0a32d48 elementor-widget elementor-widget-text-editor\" data-id=\"0a32d48\" data-element_type=\"widget\" data-widget_type=\"text-editor.default\">\n\t\t\t\t<div class=\"elementor-widget-container\">\n\t\t\t\t\t\t\t\t\t<p>PARKING GRATUITO<\/p>\t\t\t\t\t\t\t\t<\/div>\n\t\t\t\t<\/div>\n\t\t\t\t\t<\/div>\n\t\t<\/div>\n\t\t\t\t<div class=\"elementor-column elementor-col-16 elementor-top-column elementor-element elementor-element-ae43642\" data-id=\"ae43642\" data-element_type=\"column\">\n\t\t\t<div class=\"elementor-widget-wrap elementor-element-populated\">\n\t\t\t\t\t\t<div class=\"elementor-element elementor-element-f3186dd elementor-view-default elementor-widget elementor-widget-icon\" data-id=\"f3186dd\" data-element_type=\"widget\" data-widget_type=\"icon.default\">\n\t\t\t\t<div class=\"elementor-widget-container\">\n\t\t\t\t\t\t\t<div class=\"elementor-icon-wrapper\">\n\t\t\t<div class=\"elementor-icon\">\n\t\t\t\t\t\t\t<i class=\"fa fa-area-chart\" aria-hidden=\"true\"><\/i>\n\t\t\t\t\t\t<\/div>\n\t\t<\/div>\n\t\t\t\t\t\t<\/div>\n\t\t\t\t<\/div>\n\t\t\t\t<div class=\"elementor-element elementor-element-57f91a1 elementor-widget elementor-widget-text-editor\" data-id=\"57f91a1\" data-element_type=\"widget\" data-widget_type=\"text-editor.default\">\n\t\t\t\t<div class=\"elementor-widget-container\">\n\t\t\t\t\t\t\t\t\t<p>DIFERENTES NIVELES DE DIFICULTAD<\/p>\t\t\t\t\t\t\t\t<\/div>\n\t\t\t\t<\/div>\n\t\t\t\t\t<\/div>\n\t\t<\/div>\n\t\t\t\t\t<\/div>\n\t\t<\/section>\n\t\t\t\t<\/div>\n\t\t","protected":false},"excerpt":{"rendered":"<p>Somos un parque multiaventuras situado en el coraz\u00f3n del bosque de Souteli\u00f1o (Laza) donde los \u00e1rboles y la tierra son nuestro hogar.\u00a0 Nuestro parque cuenta con una amplia oferta de actividades l\u00fadico-deportivas que despertar\u00e1n en ti la capacidad de esfuerzo para superar los distintos retos que te propongamos, demostr\u00e1ndote de lo que eres capad.\u00a0 Bosque M\u00e1xico est\u00e1 especialmente pensado y dise\u00f1ado para que, independientemente de tu edad o de tu preparaci\u00f3n f\u00edsica, puedas disfrutar de \u00e9l. Apostamos por un espacio sumergido en el bosque, donde divertirse, relajarse y disfrutar del contacto directo con la naturaleza van de la mano. Adem\u00e1s, si algo nos caracteriza, es el objetivo principal que se esconde detr\u00e1s de cada una de las actividades que te ofrecemos, pues es un espacio que une, que crea equipo. Y es que Bosque M\u00e1xico significa compa\u00f1erismo, ya que \u00abde una semilla, nace un bosque\u00bb, y es lo que buscamos, que no importe llegar al final, si no que lo que m\u00e1s importe sea la experiencia, el camino, la ayuda, lo que nos importa fundamentalmente es que compart\u00e1is con nosotros una experiencia \u00fanica e inolvidable.\u00a0 \u00a1Ven, y mimet\u00edzate con nuestro Bosque M\u00e1xico! EN PLENA NATURALEZA APTO PARA TODAS LAS EDADES DESCUENTO PARA GRUPOS CAFETER\u00cdA PARKING GRATUITO DIFERENTES NIVELES DE DIFICULTAD<\/p>\n","protected":false},"author":2,"featured_media":381,"parent":0,"menu_order":0,"comment_status":"closed","ping_status":"closed","template":"","meta":{"footnotes":""},"class_list":["post-568","page","type-page","status-publish","has-post-thumbnail","hentry"],"_links":{"self":[{"href":"https:\/\/www.bosquemaxico.com\/index.php\/wp-json\/wp\/v2\/pages\/568","targetHints":{"allow":["GET"]}}],"collection":[{"href":"https:\/\/www.bosquemaxico.com\/index.php\/wp-json\/wp\/v2\/pages"}],"about":[{"href":"https:\/\/www.bosquemaxico.com\/index.php\/wp-json\/wp\/v2\/types\/page"}],"author":[{"embeddable":true,"href":"https:\/\/www.bosquemaxico.com\/index.php\/wp-json\/wp\/v2\/users\/2"}],"replies":[{"embeddable":true,"href":"https:\/\/www.bosquemaxico.com\/index.php\/wp-json\/wp\/v2\/comments?post=568"}],"version-history":[{"count":5,"href":"https:\/\/www.bosquemaxico.com\/index.php\/wp-json\/wp\/v2\/pages\/568\/revisions"}],"predecessor-version":[{"id":576,"href":"https:\/\/www.bosquemaxico.com\/index.php\/wp-json\/wp\/v2\/pages\/568\/revisions\/576"}],"wp:featuredmedia":[{"embeddable":true,"href":"https:\/\/www.bosquemaxico.com\/index.php\/wp-json\/wp\/v2\/media\/381"}],"wp:attachment":[{"href":"https:\/\/www.bosquemaxico.com\/index.php\/wp-json\/wp\/v2\/media?parent=568"}],"curies":[{"name":"wp","href":"https:\/\/api.w.org\/{rel}","templated":true}]}}